{"id":2828,"date":"2019-03-15T18:22:57","date_gmt":"2019-03-15T17:22:57","guid":{"rendered":"http:\/\/www.mirela.misiadam.pl\/?page_id=2828"},"modified":"2021-01-01T19:52:18","modified_gmt":"2021-01-01T18:52:18","slug":"2019-wystawa-fotografii","status":"publish","type":"page","link":"http:\/\/www.mirela.misiadam.pl\/index.php\/wystawy\/2019-wystawa-fotografii\/","title":{"rendered":"2019 &#8211; Wystawa fotografii"},"content":{"rendered":"<div class=\"pvc_clear\"><\/div><p id=\"pvc_stats_2828\" class=\"pvc_stats all  \" data-element-id=\"2828\" style=\"\"><i class=\"pvc-stats-icon medium\" aria-hidden=\"true\"><svg aria-hidden=\"true\" focusable=\"false\" data-prefix=\"far\" data-icon=\"chart-bar\" role=\"img\" xmlns=\"http:\/\/www.w3.org\/2000\/svg\" viewBox=\"0 0 512 512\" class=\"svg-inline--fa fa-chart-bar fa-w-16 fa-2x\"><path fill=\"currentColor\" d=\"M396.8 352h22.4c6.4 0 12.8-6.4 12.8-12.8V108.8c0-6.4-6.4-12.8-12.8-12.8h-22.4c-6.4 0-12.8 6.4-12.8 12.8v230.4c0 6.4 6.4 12.8 12.8 12.8zm-192 0h22.4c6.4 0 12.8-6.4 12.8-12.8V140.8c0-6.4-6.4-12.8-12.8-12.8h-22.4c-6.4 0-12.8 6.4-12.8 12.8v198.4c0 6.4 6.4 12.8 12.8 12.8zm96 0h22.4c6.4 0 12.8-6.4 12.8-12.8V204.8c0-6.4-6.4-12.8-12.8-12.8h-22.4c-6.4 0-12.8 6.4-12.8 12.8v134.4c0 6.4 6.4 12.8 12.8 12.8zM496 400H48V80c0-8.84-7.16-16-16-16H16C7.16 64 0 71.16 0 80v336c0 17.67 14.33 32 32 32h464c8.84 0 16-7.16 16-16v-16c0-8.84-7.16-16-16-16zm-387.2-48h22.4c6.4 0 12.8-6.4 12.8-12.8v-70.4c0-6.4-6.4-12.8-12.8-12.8h-22.4c-6.4 0-12.8 6.4-12.8 12.8v70.4c0 6.4 6.4 12.8 12.8 12.8z\" class=\"\"><\/path><\/svg><\/i> <img loading=\"lazy\" decoding=\"async\" width=\"16\" height=\"16\" alt=\"Loading\" src=\"http:\/\/www.mirela.misiadam.pl\/wp-content\/plugins\/page-views-count\/ajax-loader-2x.gif\" border=0 \/><\/p><div class=\"pvc_clear\"><\/div>\n<p>Wernisa\u017c wystawy: 15 kwietnia 2019, godz. 17:00<br>w Bibliotece Miejskiej, Filia nr 13, ul. Miko\u0142aja z Ry\u0144ska 1\/7<\/p>\n\n\n\n<p>Mirela Dziedziech by\u0142a malark\u0105 z powo\u0142ania, fotografowa\u0142a przy okazji.<br>Fotografia s\u0142u\u017cy\u0142a Jej jako rodzaj szkicownika. Fotografowa\u0142a, by p\u00f3\u017aniej przenie\u015b\u0107 na p\u0142\u00f3tno to co zaobserwowa\u0142a, zapami\u0119ta\u0142a i sfotografowa\u0142a.<br>Nie znaczy to, \u017ce fotografia nie sprawia\u0142a Jej przyjemno\u015bci, potrafi\u0142a bawi\u0107 si\u0119 tym co robi i wydobywa\u0107 w swoich zdj\u0119ciach niewidoczne na pierwszy rzut oka szczeg\u00f3\u0142y.<\/p>\n\n\n\n<h3 class=\"wp-block-heading\"><strong>Ulotka z wystawy<\/strong><\/h3>\n\n\n\n<p><figure class=\"wp-block-image is-resized\"><a href=\"http:\/\/www.mirela.misiadam.pl\/wp-content\/uploads\/2019\/04\/leaflet-foto1-web.jpg\"><img decoding=\"async\" width=\"640\" alt=\"\" src=\"http:\/\/www.mirela.misiadam.pl\/wp-content\/uploads\/2019\/04\/leaflet-foto1-web.jpg\"><\/a><\/figure><\/p>\n\n\n\n<div style=\"width: 640px;\" class=\"wp-video\"><!--[if lt IE 9]><script>document.createElement('video');<\/script><![endif]-->\n<video class=\"wp-video-shortcode\" id=\"video-2828-1\" width=\"640\" height=\"360\" preload=\"metadata\" controls=\"controls\"><source type=\"video\/mp4\" src=\"http:\/\/www.mirela.misiadam.pl\/wp-filmiki\/190410_qltura.mp4?_=1\" \/><a href=\"http:\/\/www.mirela.misiadam.pl\/wp-filmiki\/190410_qltura.mp4\">http:\/\/www.mirela.misiadam.pl\/wp-filmiki\/190410_qltura.mp4<\/a><\/video><\/div><br><br>\n\n\n\n<h3 class=\"wp-block-heading\"><strong>Prace prezentowana na wystawie<\/strong><\/h3>\n\n\n\n<p>Kliknij na zdj\u0119cie by je powi\u0119kszy\u0107.<\/p>\n\n\n\n<p><figure class=\"wp-block-image is-resized\" =\"\"=\"\"><a href=\"http:\/\/www.mirela.misiadam.pl\/wp-content\/uploads\/2019\/03\/KIF_4157-P4000043-web.jpg\"><img decoding=\"async\" width=\"640\" alt=\"\" src=\"http:\/\/www.mirela.misiadam.pl\/wp-content\/uploads\/2019\/03\/KIF_4157-P4000043-web.jpg\"><\/a><\/figure><\/p>\n\n\n\n<p><figure class=\"wp-block-image is-resized\" =\"\"=\"\"><a href=\"http:\/\/www.mirela.misiadam.pl\/wp-content\/uploads\/2019\/03\/P2010086-P2010091-web.jpg\"><img decoding=\"async\" width=\"640\" alt=\"\" src=\"http:\/\/www.mirela.misiadam.pl\/wp-content\/uploads\/2019\/03\/P2010086-P2010091-web.jpg\"><\/a><\/figure><\/p>\n\n\n\n<p><figure class=\"wp-block-image is-resized\"><a href=\"http:\/\/www.mirela.misiadam.pl\/wp-content\/uploads\/2019\/03\/P1020405-P4000083-web.jpg\"><img decoding=\"async\" width=\"640\" alt=\"\" src=\"http:\/\/www.mirela.misiadam.pl\/wp-content\/uploads\/2019\/03\/P1020405-P4000083-web.jpg\"><\/a><\/figure><\/p>\n\n\n\n<p><figure class=\"wp-block-image is-resized\"><a href=\"http:\/\/www.mirela.misiadam.pl\/wp-content\/uploads\/2019\/03\/P1020014-P4020179-web.jpg\"><img decoding=\"async\" width=\"640\" alt=\"\" src=\"http:\/\/www.mirela.misiadam.pl\/wp-content\/uploads\/2019\/03\/P1020014-P4020179-web.jpg\"><\/a><\/figure><\/p>\n\n\n\n<p><figure class=\"wp-block-image is-resized\"><a href=\"http:\/\/www.mirela.misiadam.pl\/wp-content\/uploads\/2019\/03\/P1030517-P2030919-web.jpg\"><img decoding=\"async\" width=\"640\" alt=\"\" src=\"http:\/\/www.mirela.misiadam.pl\/wp-content\/uploads\/2019\/03\/P1030517-P2030919-web.jpg\"><\/a><\/figure><\/p>\n\n\n\n<p><figure class=\"wp-block-image is-resized\"><a href=\"http:\/\/www.mirela.misiadam.pl\/wp-content\/uploads\/2019\/03\/P1020064-P1060923-web.jpg\"><img decoding=\"async\" width=\"640\" alt=\"\" src=\"http:\/\/www.mirela.misiadam.pl\/wp-content\/uploads\/2019\/03\/P1020064-P1060923-web.jpg\"><\/a><\/figure><\/p>\n\n\n\n<p><figure class=\"wp-block-image is-resized\"><a href=\"http:\/\/www.mirela.misiadam.pl\/wp-content\/uploads\/2019\/03\/P2030733-P2030800-web.jpg\"><img decoding=\"async\" width=\"640\" alt=\"\" src=\"http:\/\/www.mirela.misiadam.pl\/wp-content\/uploads\/2019\/03\/P2030733-P2030800-web.jpg\"><\/a><\/figure><\/p>\n\n\n\n<p><figure class=\"wp-block-image is-resized\"><a href=\"http:\/\/www.mirela.misiadam.pl\/wp-content\/uploads\/2019\/04\/P2130212-P2130233-web.jpg\"><img decoding=\"async\" width=\"640\" alt=\"\" src=\"http:\/\/www.mirela.misiadam.pl\/wp-content\/uploads\/2019\/04\/P2130212-P2130233-web.jpg\"><\/a><\/figure><\/p>\n\n\n\n<p><figure class=\"wp-block-image is-resized\"><a href=\"http:\/\/www.mirela.misiadam.pl\/wp-content\/uploads\/2019\/03\/P4050678-P4050697-web.jpg\"><img decoding=\"async\" width=\"640\" alt=\"\" src=\"http:\/\/www.mirela.misiadam.pl\/wp-content\/uploads\/2019\/03\/P4050678-P4050697-web.jpg\"><\/a><\/figure><\/p>\n\n\n\n<p><figure class=\"wp-block-image is-resized\"><a href=\"http:\/\/www.mirela.misiadam.pl\/wp-content\/uploads\/2019\/03\/P4000608-P4000615-web.jpg\"><img decoding=\"async\" width=\"640\" alt=\"\" src=\"http:\/\/www.mirela.misiadam.pl\/wp-content\/uploads\/2019\/03\/P4000608-P4000615-web.jpg\"><\/a><\/figure><\/p>\n\n\n\n<p><figure class=\"wp-block-image is-resized\"><a href=\"http:\/\/www.mirela.misiadam.pl\/wp-content\/uploads\/2019\/03\/P3020999-P4020100-web.jpg\"><img decoding=\"async\" width=\"640\" alt=\"\" src=\"http:\/\/www.mirela.misiadam.pl\/wp-content\/uploads\/2019\/03\/P3020999-P4020100-web.jpg\"><\/a><\/figure><\/p>\n\n\n\n<p><figure class=\"wp-block-image is-resized\" =\"\"=\"\"><a href=\"http:\/\/www.mirela.misiadam.pl\/wp-content\/uploads\/2019\/03\/P4050575-P4050578-web.jpg\"><img decoding=\"async\" width=\"640\" alt=\"\" src=\"http:\/\/www.mirela.misiadam.pl\/wp-content\/uploads\/2019\/03\/P4050575-P4050578-web.jpg\"><\/a><\/figure>\n\n\n\n<p><figure class=\"wp-block-image is-resized\"><a href=\"http:\/\/www.mirela.misiadam.pl\/wp-content\/uploads\/2019\/03\/P3050506-P3050567-web.jpg\"><img decoding=\"async\" width=\"640\" alt=\"\" src=\"http:\/\/www.mirela.misiadam.pl\/wp-content\/uploads\/2019\/03\/P3050506-P3050567-web.jpg\"><\/a><\/figure><\/p>\n\n\n\n<p><figure class=\"wp-block-image is-resized\"><a href=\"http:\/\/www.mirela.misiadam.pl\/wp-content\/uploads\/2019\/03\/P3040925-P3040951-web.jpg\"><img decoding=\"async\" width=\"640\" alt=\"\" src=\"http:\/\/www.mirela.misiadam.pl\/wp-content\/uploads\/2019\/03\/P3040925-P3040951-web.jpg\"><\/a><\/figure><\/p>\n\n\n\n<p><figure class=\"wp-block-image is-resized\"><a href=\"http:\/\/www.mirela.misiadam.pl\/wp-content\/uploads\/2019\/03\/P3050414-P4040290-web.jpg\"><img decoding=\"async\" width=\"640\" alt=\"\" src=\"http:\/\/www.mirela.misiadam.pl\/wp-content\/uploads\/2019\/03\/P3050414-P4040290-web.jpg\"><\/a><\/figure><\/p>\n\n\n\n<p><figure class=\"wp-block-image is-resized\"><a href=\"http:\/\/www.mirela.misiadam.pl\/wp-content\/uploads\/2019\/03\/P3150415-P3150422-P3050075-web.jpg\"><img decoding=\"async\" width=\"640\" alt=\"\" src=\"http:\/\/www.mirela.misiadam.pl\/wp-content\/uploads\/2019\/03\/P3150415-P3150422-P3050075-web.jpg\"><\/a><\/figure><\/p>\n\n\n\n<h3 class=\"wp-block-heading\"><strong>Filmiki z Krety<\/strong><\/h3>\n\n\n\n<div style=\"width: 640px;\" class=\"wp-video\"><video class=\"wp-video-shortcode\" id=\"video-2828-2\" width=\"640\" height=\"360\" preload=\"metadata\" controls=\"controls\"><source type=\"video\/mp4\" src=\"http:\/\/www.mirela.misiadam.pl\/wp-filmiki\/140930_kreta.mp4?_=2\" \/><a href=\"http:\/\/www.mirela.misiadam.pl\/wp-filmiki\/140930_kreta.mp4\">http:\/\/www.mirela.misiadam.pl\/wp-filmiki\/140930_kreta.mp4<\/a><\/video><\/div><br>\n\n\n\n<div style=\"width: 640px;\" class=\"wp-video\"><video class=\"wp-video-shortcode\" id=\"video-2828-3\" width=\"640\" height=\"360\" preload=\"metadata\" controls=\"controls\"><source type=\"video\/mp4\" src=\"http:\/\/www.mirela.misiadam.pl\/wp-filmiki\/141002_kreta.mp4?_=3\" \/><a href=\"http:\/\/www.mirela.misiadam.pl\/wp-filmiki\/141002_kreta.mp4\">http:\/\/www.mirela.misiadam.pl\/wp-filmiki\/141002_kreta.mp4<\/a><\/video><\/div><br>\n\n\n\n<h3 class=\"wp-block-heading\"><strong>Sprawozdanie z Wernisa\u017cu<\/strong> (zdj\u0119cia Piotr Bilski)<\/h3>\n\n\n<p><a href=\"http:\/\/mirela.misiadam.pl\/wp-content\/uploads\/2019\/04\/wystawaFotoMisi05a-web.jpg\"><img decoding=\"async\" class=\"size-medium alignleft\" src=\"http:\/\/mirela.misiadam.pl\/wp-content\/uploads\/2019\/04\/wystawaFotoMisi05a-web-1024x636.jpg\" alt=\"wystawaFofoMisi05a-web\" width=\"300\"><\/a><\/p>\n<p><a href=\"http:\/\/mirela.misiadam.pl\/wp-content\/uploads\/2019\/04\/wystawaFotoMisi09-web.jpg\"><img decoding=\"async\" class=\"size-medium alignnone\" src=\"http:\/\/mirela.misiadam.pl\/wp-content\/uploads\/2019\/04\/wystawaFotoMisi09-web-1024x653.jpg\" alt=\"wystawaFofoMisi09-web\" width=\"300\"><\/a><\/p>\n<p><a href=\"http:\/\/mirela.misiadam.pl\/wp-content\/uploads\/2019\/04\/wystawaFotoMisi15-web.jpg\"><img decoding=\"async\" class=\"size-medium alignleft\" src=\"http:\/\/mirela.misiadam.pl\/wp-content\/uploads\/2019\/04\/wystawaFotoMisi15-web-1024x644.jpg\" alt=\"wystawaFofoMisi15-web\" width=\"300\"><\/a><\/p>\n<p><a href=\"http:\/\/mirela.misiadam.pl\/wp-content\/uploads\/2019\/04\/wystawaFotoMisi17-web.jpg\"><img decoding=\"async\" class=\"size-medium alignnone\" src=\"http:\/\/mirela.misiadam.pl\/wp-content\/uploads\/2019\/04\/wystawaFotoMisi17-web-1024x638.jpg\" alt=\"wystawaFofoMisi17-web\" width=\"300\"><\/a><\/p>\n<p><a href=\"http:\/\/mirela.misiadam.pl\/wp-content\/uploads\/2019\/04\/wystawaFotoMisi18-web.jpg\"><img loading=\"lazy\" decoding=\"async\" class=\"size-medium aligncenter\" src=\"http:\/\/mirela.misiadam.pl\/wp-content\/uploads\/2019\/04\/wystawaFotoMisi18-web-1024x655.jpg\" alt=\"wystawaFofoMisi18-web\" width=\"300\" height=\"190\"><\/a><\/p>","protected":false},"excerpt":{"rendered":"<div class=\"pvc_clear\"><\/div>\n<p id=\"pvc_stats_2828\" class=\"pvc_stats all  \" data-element-id=\"2828\" style=\"\"><i class=\"pvc-stats-icon medium\" aria-hidden=\"true\"><svg aria-hidden=\"true\" focusable=\"false\" data-prefix=\"far\" data-icon=\"chart-bar\" role=\"img\" xmlns=\"http:\/\/www.w3.org\/2000\/svg\" viewBox=\"0 0 512 512\" class=\"svg-inline--fa fa-chart-bar fa-w-16 fa-2x\"><path fill=\"currentColor\" d=\"M396.8 352h22.4c6.4 0 12.8-6.4 12.8-12.8V108.8c0-6.4-6.4-12.8-12.8-12.8h-22.4c-6.4 0-12.8 6.4-12.8 12.8v230.4c0 6.4 6.4 12.8 12.8 12.8zm-192 0h22.4c6.4 0 12.8-6.4 12.8-12.8V140.8c0-6.4-6.4-12.8-12.8-12.8h-22.4c-6.4 0-12.8 6.4-12.8 12.8v198.4c0 6.4 6.4 12.8 12.8 12.8zm96 0h22.4c6.4 0 12.8-6.4 12.8-12.8V204.8c0-6.4-6.4-12.8-12.8-12.8h-22.4c-6.4 0-12.8 6.4-12.8 12.8v134.4c0 6.4 6.4 12.8 12.8 12.8zM496 400H48V80c0-8.84-7.16-16-16-16H16C7.16 64 0 71.16 0 80v336c0 17.67 14.33 32 32 32h464c8.84 0 16-7.16 16-16v-16c0-8.84-7.16-16-16-16zm-387.2-48h22.4c6.4 0 12.8-6.4 12.8-12.8v-70.4c0-6.4-6.4-12.8-12.8-12.8h-22.4c-6.4 0-12.8 6.4-12.8 12.8v70.4c0 6.4 6.4 12.8 12.8 12.8z\" class=\"\"><\/path><\/svg><\/i> <img loading=\"lazy\" decoding=\"async\" width=\"16\" height=\"16\" alt=\"Loading\" src=\"http:\/\/www.mirela.misiadam.pl\/wp-content\/plugins\/page-views-count\/ajax-loader-2x.gif\" border=0 \/><\/p>\n<div class=\"pvc_clear\"><\/div>\n<p>Wernisa\u017c wystawy: 15 kwietnia 2019, godz. 17:00w Bibliotece Miejskiej, Filia nr 13, ul. Miko\u0142aja z Ry\u0144ska 1\/7 Mirela Dziedziech by\u0142a malark\u0105 z powo\u0142ania, fotografowa\u0142a przy okazji.Fotografia s\u0142u\u017cy\u0142a Jej jako rodzaj szkicownika. Fotografowa\u0142a, by p\u00f3\u017aniej przenie\u015b\u0107 na p\u0142\u00f3tno to co zaobserwowa\u0142a, &hellip; <a href=\"http:\/\/www.mirela.misiadam.pl\/index.php\/wystawy\/2019-wystawa-fotografii\/\">Czytaj dalej <span class=\"meta-nav\">&rarr;<\/span><\/a><\/p>\n","protected":false},"author":1,"featured_media":0,"parent":608,"menu_order":0,"comment_status":"closed","ping_status":"closed","template":"onecolumn-page.php","meta":{"footnotes":""},"class_list":["post-2828","page","type-page","status-publish","hentry"],"a3_pvc":{"activated":true,"total_views":1156,"today_views":0},"_links":{"self":[{"href":"http:\/\/www.mirela.misiadam.pl\/index.php\/wp-json\/wp\/v2\/pages\/2828","targetHints":{"allow":["GET"]}}],"collection":[{"href":"http:\/\/www.mirela.misiadam.pl\/index.php\/wp-json\/wp\/v2\/pages"}],"about":[{"href":"http:\/\/www.mirela.misiadam.pl\/index.php\/wp-json\/wp\/v2\/types\/page"}],"author":[{"embeddable":true,"href":"http:\/\/www.mirela.misiadam.pl\/index.php\/wp-json\/wp\/v2\/users\/1"}],"replies":[{"embeddable":true,"href":"http:\/\/www.mirela.misiadam.pl\/index.php\/wp-json\/wp\/v2\/comments?post=2828"}],"version-history":[{"count":57,"href":"http:\/\/www.mirela.misiadam.pl\/index.php\/wp-json\/wp\/v2\/pages\/2828\/revisions"}],"predecessor-version":[{"id":3801,"href":"http:\/\/www.mirela.misiadam.pl\/index.php\/wp-json\/wp\/v2\/pages\/2828\/revisions\/3801"}],"up":[{"embeddable":true,"href":"http:\/\/www.mirela.misiadam.pl\/index.php\/wp-json\/wp\/v2\/pages\/608"}],"wp:attachment":[{"href":"http:\/\/www.mirela.misiadam.pl\/index.php\/wp-json\/wp\/v2\/media?parent=2828"}],"curies":[{"name":"wp","href":"https:\/\/api.w.org\/{rel}","templated":true}]}}