{"id":442,"date":"2016-09-16T13:19:26","date_gmt":"2016-09-16T11:19:26","guid":{"rendered":"http:\/\/www.mirela.misiadam.pl\/?page_id=442"},"modified":"2021-01-01T19:49:19","modified_gmt":"2021-01-01T18:49:19","slug":"wernisaz-z-dziennika-podrozy-toskania-2016","status":"publish","type":"page","link":"http:\/\/www.mirela.misiadam.pl\/index.php\/wystawy\/wernisaz-z-dziennika-podrozy-toskania-2016\/","title":{"rendered":"2016 &#8211; Z dziennika podr\u00f3\u017cy TOSKANIA"},"content":{"rendered":"<div class=\"pvc_clear\"><\/div><p id=\"pvc_stats_442\" class=\"pvc_stats all  \" data-element-id=\"442\" style=\"\"><i class=\"pvc-stats-icon medium\" aria-hidden=\"true\"><svg aria-hidden=\"true\" focusable=\"false\" data-prefix=\"far\" data-icon=\"chart-bar\" role=\"img\" xmlns=\"http:\/\/www.w3.org\/2000\/svg\" viewBox=\"0 0 512 512\" class=\"svg-inline--fa fa-chart-bar fa-w-16 fa-2x\"><path fill=\"currentColor\" d=\"M396.8 352h22.4c6.4 0 12.8-6.4 12.8-12.8V108.8c0-6.4-6.4-12.8-12.8-12.8h-22.4c-6.4 0-12.8 6.4-12.8 12.8v230.4c0 6.4 6.4 12.8 12.8 12.8zm-192 0h22.4c6.4 0 12.8-6.4 12.8-12.8V140.8c0-6.4-6.4-12.8-12.8-12.8h-22.4c-6.4 0-12.8 6.4-12.8 12.8v198.4c0 6.4 6.4 12.8 12.8 12.8zm96 0h22.4c6.4 0 12.8-6.4 12.8-12.8V204.8c0-6.4-6.4-12.8-12.8-12.8h-22.4c-6.4 0-12.8 6.4-12.8 12.8v134.4c0 6.4 6.4 12.8 12.8 12.8zM496 400H48V80c0-8.84-7.16-16-16-16H16C7.16 64 0 71.16 0 80v336c0 17.67 14.33 32 32 32h464c8.84 0 16-7.16 16-16v-16c0-8.84-7.16-16-16-16zm-387.2-48h22.4c6.4 0 12.8-6.4 12.8-12.8v-70.4c0-6.4-6.4-12.8-12.8-12.8h-22.4c-6.4 0-12.8 6.4-12.8 12.8v70.4c0 6.4 6.4 12.8 12.8 12.8z\" class=\"\"><\/path><\/svg><\/i> <img loading=\"lazy\" decoding=\"async\" width=\"16\" height=\"16\" alt=\"Loading\" src=\"http:\/\/www.mirela.misiadam.pl\/wp-content\/plugins\/page-views-count\/ajax-loader-2x.gif\" border=0 \/><\/p><div class=\"pvc_clear\"><\/div><h1 style=\"text-align: center;\"><strong><em>RELACJA Z WYSTAWY:&nbsp;<\/em><\/strong><br><a href=\"http:\/\/www.mirela.misiadam.pl\/index.php\/wernisaz-z-dziennika-podrozy-toskania-2016\/samsung-camera-pictures-12\/\"><img decoding=\"async\" width=\"640\" class=\"alignnone wp-image-469 size-large\" alt=\"Wernisa\u017c\" src=\"http:\/\/www.mirela.misiadam.pl\/wp-content\/uploads\/2016\/09\/SAM_9285a-1-1024x560.jpg\" srcset=\"http:\/\/www.mirela.misiadam.pl\/wp-content\/uploads\/2016\/09\/SAM_9285a-1-1024x560.jpg 1024w, http:\/\/www.mirela.misiadam.pl\/wp-content\/uploads\/2016\/09\/SAM_9285a-1-300x164.jpg 300w, http:\/\/www.mirela.misiadam.pl\/wp-content\/uploads\/2016\/09\/SAM_9285a-1-768x420.jpg 768w\" sizes=\"(max-width: 1024px) 100vw, 1024px\" \/><\/a><em><strong>OGL\u0104DAJ DALEJ ^kliknij na zdj\u0119cie<\/strong><\/em><a href=\"http:\/\/www.mirela.misiadam.pl\/index.php\/moje-prace-malarskie\/toskania-2014r\/\" rel=\"attachment wp-att-386\"><img loading=\"lazy\" decoding=\"async\" width=\"600\" height=\"497\" class=\"aligncenter wp-image-386 size-full\" alt=\",,Toskania,,- 2015 , olej-p\u0142\u00f3tno , 50 x 60\" src=\"http:\/\/www.mirela.misiadam.pl\/wp-content\/uploads\/2016\/01\/Toskania-2014r.jpg\" srcset=\"http:\/\/www.mirela.misiadam.pl\/wp-content\/uploads\/2016\/01\/Toskania-2014r.jpg 600w, http:\/\/www.mirela.misiadam.pl\/wp-content\/uploads\/2016\/01\/Toskania-2014r-300x249.jpg 300w\" sizes=\"auto, (max-width: 600px) 100vw, 600px\" \/><\/a><a href=\"http:\/\/www.mirela.misiadam.pl\/index.php\/moje-prace-malarskie\/toskania-2014\/\" rel=\"attachment wp-att-385\"><img loading=\"lazy\" decoding=\"async\" width=\"600\" height=\"494\" class=\"aligncenter wp-image-385 size-full\" alt=\",,Toskania,,- 2015 , olej-p\u0142\u00f3tno , 50 x 60\" src=\"http:\/\/www.mirela.misiadam.pl\/wp-content\/uploads\/2016\/01\/Toskania-2014.jpg\" srcset=\"http:\/\/www.mirela.misiadam.pl\/wp-content\/uploads\/2016\/01\/Toskania-2014.jpg 600w, http:\/\/www.mirela.misiadam.pl\/wp-content\/uploads\/2016\/01\/Toskania-2014-300x247.jpg 300w\" sizes=\"auto, (max-width: 600px) 100vw, 600px\" \/><\/a><\/h1>\n<p><\/p>\n\n\n<div style=\"width: 640px;\" class=\"wp-video\"><!--[if lt IE 9]><script>document.createElement('video');<\/script><![endif]-->\n<video class=\"wp-video-shortcode\" id=\"video-442-1\" width=\"640\" height=\"360\" preload=\"metadata\" controls=\"controls\"><source type=\"video\/mp4\" src=\"http:\/\/www.mirela.misiadam.pl\/wp-filmiki\/160914_qltura.mp4?_=1\" \/><a href=\"http:\/\/www.mirela.misiadam.pl\/wp-filmiki\/160914_qltura.mp4\">http:\/\/www.mirela.misiadam.pl\/wp-filmiki\/160914_qltura.mp4<\/a><\/video><\/div><br>\n\n\n\n<div style=\"width: 640px;\" class=\"wp-video\"><video class=\"wp-video-shortcode\" id=\"video-442-2\" width=\"640\" height=\"360\" preload=\"metadata\" controls=\"controls\"><source type=\"video\/mp4\" src=\"http:\/\/www.mirela.misiadam.pl\/wp-filmiki\/160914_itvm.mp4?_=2\" \/><a href=\"http:\/\/www.mirela.misiadam.pl\/wp-filmiki\/160914_itvm.mp4\">http:\/\/www.mirela.misiadam.pl\/wp-filmiki\/160914_itvm.mp4<\/a><\/video><\/div>\n\n\n\n<p class=\"has-text-align-center\">Wernisa\u017ce wystawy Magazynu Qltura i I-TVM<\/p>\n\n\n\n<div style=\"width: 640px;\" class=\"wp-video\"><video class=\"wp-video-shortcode\" id=\"video-442-3\" width=\"640\" height=\"360\" preload=\"metadata\" controls=\"controls\"><source type=\"video\/mp4\" src=\"http:\/\/www.mirela.misiadam.pl\/wp-content\/uploads\/2015\/12\/Pewnej-wiosny-w-Toskanii-SD.mp4?_=3\" \/><a href=\"http:\/\/www.mirela.misiadam.pl\/wp-content\/uploads\/2015\/12\/Pewnej-wiosny-w-Toskanii-SD.mp4\">http:\/\/www.mirela.misiadam.pl\/wp-content\/uploads\/2015\/12\/Pewnej-wiosny-w-Toskanii-SD.mp4<\/a><\/video><\/div>\n\n\n\n<p class=\"has-text-align-center\">Relacja z fotowyprawy do Toskani<\/p>\n","protected":false},"excerpt":{"rendered":"<div class=\"pvc_clear\"><\/div>\n<p id=\"pvc_stats_442\" class=\"pvc_stats all  \" data-element-id=\"442\" style=\"\"><i class=\"pvc-stats-icon medium\" aria-hidden=\"true\"><svg aria-hidden=\"true\" focusable=\"false\" data-prefix=\"far\" data-icon=\"chart-bar\" role=\"img\" xmlns=\"http:\/\/www.w3.org\/2000\/svg\" viewBox=\"0 0 512 512\" class=\"svg-inline--fa fa-chart-bar fa-w-16 fa-2x\"><path fill=\"currentColor\" d=\"M396.8 352h22.4c6.4 0 12.8-6.4 12.8-12.8V108.8c0-6.4-6.4-12.8-12.8-12.8h-22.4c-6.4 0-12.8 6.4-12.8 12.8v230.4c0 6.4 6.4 12.8 12.8 12.8zm-192 0h22.4c6.4 0 12.8-6.4 12.8-12.8V140.8c0-6.4-6.4-12.8-12.8-12.8h-22.4c-6.4 0-12.8 6.4-12.8 12.8v198.4c0 6.4 6.4 12.8 12.8 12.8zm96 0h22.4c6.4 0 12.8-6.4 12.8-12.8V204.8c0-6.4-6.4-12.8-12.8-12.8h-22.4c-6.4 0-12.8 6.4-12.8 12.8v134.4c0 6.4 6.4 12.8 12.8 12.8zM496 400H48V80c0-8.84-7.16-16-16-16H16C7.16 64 0 71.16 0 80v336c0 17.67 14.33 32 32 32h464c8.84 0 16-7.16 16-16v-16c0-8.84-7.16-16-16-16zm-387.2-48h22.4c6.4 0 12.8-6.4 12.8-12.8v-70.4c0-6.4-6.4-12.8-12.8-12.8h-22.4c-6.4 0-12.8 6.4-12.8 12.8v70.4c0 6.4 6.4 12.8 12.8 12.8z\" class=\"\"><\/path><\/svg><\/i> <img loading=\"lazy\" decoding=\"async\" width=\"16\" height=\"16\" alt=\"Loading\" src=\"http:\/\/www.mirela.misiadam.pl\/wp-content\/plugins\/page-views-count\/ajax-loader-2x.gif\" border=0 \/><\/p>\n<div class=\"pvc_clear\"><\/div>\n<p>RELACJA Z WYSTAWY:&nbsp;OGL\u0104DAJ DALEJ ^kliknij na zdj\u0119cie Wernisa\u017ce wystawy Magazynu Qltura i I-TVM Relacja z fotowyprawy do Toskani<\/p>\n","protected":false},"author":1,"featured_media":0,"parent":608,"menu_order":0,"comment_status":"closed","ping_status":"closed","template":"onecolumn-page.php","meta":{"footnotes":""},"class_list":["post-442","page","type-page","status-publish","hentry"],"a3_pvc":{"activated":true,"total_views":1039,"today_views":0},"_links":{"self":[{"href":"http:\/\/www.mirela.misiadam.pl\/index.php\/wp-json\/wp\/v2\/pages\/442","targetHints":{"allow":["GET"]}}],"collection":[{"href":"http:\/\/www.mirela.misiadam.pl\/index.php\/wp-json\/wp\/v2\/pages"}],"about":[{"href":"http:\/\/www.mirela.misiadam.pl\/index.php\/wp-json\/wp\/v2\/types\/page"}],"author":[{"embeddable":true,"href":"http:\/\/www.mirela.misiadam.pl\/index.php\/wp-json\/wp\/v2\/users\/1"}],"replies":[{"embeddable":true,"href":"http:\/\/www.mirela.misiadam.pl\/index.php\/wp-json\/wp\/v2\/comments?post=442"}],"version-history":[{"count":57,"href":"http:\/\/www.mirela.misiadam.pl\/index.php\/wp-json\/wp\/v2\/pages\/442\/revisions"}],"predecessor-version":[{"id":3800,"href":"http:\/\/www.mirela.misiadam.pl\/index.php\/wp-json\/wp\/v2\/pages\/442\/revisions\/3800"}],"up":[{"embeddable":true,"href":"http:\/\/www.mirela.misiadam.pl\/index.php\/wp-json\/wp\/v2\/pages\/608"}],"wp:attachment":[{"href":"http:\/\/www.mirela.misiadam.pl\/index.php\/wp-json\/wp\/v2\/media?parent=442"}],"curies":[{"name":"wp","href":"https:\/\/api.w.org\/{rel}","templated":true}]}}