{"id":608,"date":"2018-10-30T12:23:13","date_gmt":"2018-10-30T11:23:13","guid":{"rendered":"http:\/\/www.mirela.misiadam.pl\/?page_id=608"},"modified":"2020-12-27T19:03:40","modified_gmt":"2020-12-27T18:03:40","slug":"wystawy","status":"publish","type":"page","link":"http:\/\/www.mirela.misiadam.pl\/index.php\/wystawy\/","title":{"rendered":"Wystawy"},"content":{"rendered":"<div class=\"pvc_clear\"><\/div><p id=\"pvc_stats_608\" class=\"pvc_stats all  \" data-element-id=\"608\" style=\"\"><i class=\"pvc-stats-icon medium\" aria-hidden=\"true\"><svg aria-hidden=\"true\" focusable=\"false\" data-prefix=\"far\" data-icon=\"chart-bar\" role=\"img\" xmlns=\"http:\/\/www.w3.org\/2000\/svg\" viewBox=\"0 0 512 512\" class=\"svg-inline--fa fa-chart-bar fa-w-16 fa-2x\"><path fill=\"currentColor\" d=\"M396.8 352h22.4c6.4 0 12.8-6.4 12.8-12.8V108.8c0-6.4-6.4-12.8-12.8-12.8h-22.4c-6.4 0-12.8 6.4-12.8 12.8v230.4c0 6.4 6.4 12.8 12.8 12.8zm-192 0h22.4c6.4 0 12.8-6.4 12.8-12.8V140.8c0-6.4-6.4-12.8-12.8-12.8h-22.4c-6.4 0-12.8 6.4-12.8 12.8v198.4c0 6.4 6.4 12.8 12.8 12.8zm96 0h22.4c6.4 0 12.8-6.4 12.8-12.8V204.8c0-6.4-6.4-12.8-12.8-12.8h-22.4c-6.4 0-12.8 6.4-12.8 12.8v134.4c0 6.4 6.4 12.8 12.8 12.8zM496 400H48V80c0-8.84-7.16-16-16-16H16C7.16 64 0 71.16 0 80v336c0 17.67 14.33 32 32 32h464c8.84 0 16-7.16 16-16v-16c0-8.84-7.16-16-16-16zm-387.2-48h22.4c6.4 0 12.8-6.4 12.8-12.8v-70.4c0-6.4-6.4-12.8-12.8-12.8h-22.4c-6.4 0-12.8 6.4-12.8 12.8v70.4c0 6.4 6.4 12.8 12.8 12.8z\" class=\"\"><\/path><\/svg><\/i> <img loading=\"lazy\" decoding=\"async\" width=\"16\" height=\"16\" alt=\"Loading\" src=\"http:\/\/www.mirela.misiadam.pl\/wp-content\/plugins\/page-views-count\/ajax-loader-2x.gif\" border=0 \/><\/p><div class=\"pvc_clear\"><\/div>\n<figure class=\"wp-block-image\"><a href=\"http:\/\/mirela.misiadam.pl\/index.php\/wystawy\/2012-wystawa-w-galerii-sm\/\"><img decoding=\"async\" alt=\"\" src=\"http:\/\/www.misiadam.pl\/wp-trips\/data\/2012-19_inne\/2012_sm-webs.jpg\"><br>2012 &#8211; Wystawa w Galerii SM<\/a><\/figure>\n\n\n\n<figure class=\"wp-block-image\"><a href=\"http:\/\/mirela.misiadam.pl\/index.php\/wystawy\/wernisaz-z-dziennika-podrozy-toskania-2016\/\"><img decoding=\"async\" alt=\"\" src=\"http:\/\/www.misiadam.pl\/wp-trips\/data\/2012-19_inne\/2016_toskania-webs.jpg\"><br>2016 &#8211; Z dziennika podr\u00f3\u017cy TOSKANIA<\/a><\/figure>\n\n\n\n<figure class=\"wp-block-image\"><a href=\"http:\/\/mirela.misiadam.pl\/index.php\/wystawy\/2018-wystawa-posmiertna-w-galerii-akcent\/\"><img decoding=\"async\" alt=\"\" src=\"http:\/\/www.misiadam.pl\/wp-trips\/data\/2012-19_inne\/2018_akcent-webs.jpg\"><br>2018 &#8211; Wystawa po\u015bmiertna w Galerii Akcent<\/a><\/figure>\n\n\n\n<figure class=\"wp-block-image\"><a href=\"http:\/\/mirela.misiadam.pl\/index.php\/wystawy\/wystawa-w-galerii-za-filarem\/\"><img decoding=\"async\" alt=\"\" src=\"http:\/\/www.misiadam.pl\/wp-trips\/data\/2012-19_inne\/2018_filar-webs.jpg\"><br>2018 &#8211; Wystawa w Galerii za Filarem<\/a><\/figure>\n\n\n\n<figure class=\"wp-block-image\"><a href=\"http:\/\/mirela.misiadam.pl\/index.php\/2019-wystawa-fotografii\/\"><img decoding=\"async\" alt=\"\" src=\"http:\/\/www.misiadam.pl\/wp-trips\/data\/2012-19_inne\/2019_foto-webs.jpg\"><br>2019 &#8211; Wystawa fotografii<\/a><\/figure>\n","protected":false},"excerpt":{"rendered":"<div class=\"pvc_clear\"><\/div>\n<p id=\"pvc_stats_608\" class=\"pvc_stats all  \" data-element-id=\"608\" style=\"\"><i class=\"pvc-stats-icon medium\" aria-hidden=\"true\"><svg aria-hidden=\"true\" focusable=\"false\" data-prefix=\"far\" data-icon=\"chart-bar\" role=\"img\" xmlns=\"http:\/\/www.w3.org\/2000\/svg\" viewBox=\"0 0 512 512\" class=\"svg-inline--fa fa-chart-bar fa-w-16 fa-2x\"><path fill=\"currentColor\" d=\"M396.8 352h22.4c6.4 0 12.8-6.4 12.8-12.8V108.8c0-6.4-6.4-12.8-12.8-12.8h-22.4c-6.4 0-12.8 6.4-12.8 12.8v230.4c0 6.4 6.4 12.8 12.8 12.8zm-192 0h22.4c6.4 0 12.8-6.4 12.8-12.8V140.8c0-6.4-6.4-12.8-12.8-12.8h-22.4c-6.4 0-12.8 6.4-12.8 12.8v198.4c0 6.4 6.4 12.8 12.8 12.8zm96 0h22.4c6.4 0 12.8-6.4 12.8-12.8V204.8c0-6.4-6.4-12.8-12.8-12.8h-22.4c-6.4 0-12.8 6.4-12.8 12.8v134.4c0 6.4 6.4 12.8 12.8 12.8zM496 400H48V80c0-8.84-7.16-16-16-16H16C7.16 64 0 71.16 0 80v336c0 17.67 14.33 32 32 32h464c8.84 0 16-7.16 16-16v-16c0-8.84-7.16-16-16-16zm-387.2-48h22.4c6.4 0 12.8-6.4 12.8-12.8v-70.4c0-6.4-6.4-12.8-12.8-12.8h-22.4c-6.4 0-12.8 6.4-12.8 12.8v70.4c0 6.4 6.4 12.8 12.8 12.8z\" class=\"\"><\/path><\/svg><\/i> <img loading=\"lazy\" decoding=\"async\" width=\"16\" height=\"16\" alt=\"Loading\" src=\"http:\/\/www.mirela.misiadam.pl\/wp-content\/plugins\/page-views-count\/ajax-loader-2x.gif\" border=0 \/><\/p>\n<div class=\"pvc_clear\"><\/div>\n<p>2012 &#8211; Wystawa w Galerii SM 2016 &#8211; Z dziennika podr\u00f3\u017cy TOSKANIA 2018 &#8211; Wystawa po\u015bmiertna w Galerii Akcent 2018 &#8211; Wystawa w Galerii za Filarem 2019 &#8211; Wystawa fotografii<\/p>\n","protected":false},"author":1,"featured_media":0,"parent":0,"menu_order":0,"comment_status":"closed","ping_status":"closed","template":"","meta":{"footnotes":""},"class_list":["post-608","page","type-page","status-publish","hentry"],"a3_pvc":{"activated":true,"total_views":1285,"today_views":0},"_links":{"self":[{"href":"http:\/\/www.mirela.misiadam.pl\/index.php\/wp-json\/wp\/v2\/pages\/608","targetHints":{"allow":["GET"]}}],"collection":[{"href":"http:\/\/www.mirela.misiadam.pl\/index.php\/wp-json\/wp\/v2\/pages"}],"about":[{"href":"http:\/\/www.mirela.misiadam.pl\/index.php\/wp-json\/wp\/v2\/types\/page"}],"author":[{"embeddable":true,"href":"http:\/\/www.mirela.misiadam.pl\/index.php\/wp-json\/wp\/v2\/users\/1"}],"replies":[{"embeddable":true,"href":"http:\/\/www.mirela.misiadam.pl\/index.php\/wp-json\/wp\/v2\/comments?post=608"}],"version-history":[{"count":71,"href":"http:\/\/www.mirela.misiadam.pl\/index.php\/wp-json\/wp\/v2\/pages\/608\/revisions"}],"predecessor-version":[{"id":3760,"href":"http:\/\/www.mirela.misiadam.pl\/index.php\/wp-json\/wp\/v2\/pages\/608\/revisions\/3760"}],"wp:attachment":[{"href":"http:\/\/www.mirela.misiadam.pl\/index.php\/wp-json\/wp\/v2\/media?parent=608"}],"curies":[{"name":"wp","href":"https:\/\/api.w.org\/{rel}","templated":true}]}}