{"id":684,"date":"2018-11-24T12:58:46","date_gmt":"2018-11-24T11:58:46","guid":{"rendered":"http:\/\/www.mirela.misiadam.pl\/?page_id=684"},"modified":"2020-12-27T19:07:35","modified_gmt":"2020-12-27T18:07:35","slug":"wystawa-w-galerii-za-filarem","status":"publish","type":"page","link":"http:\/\/www.mirela.misiadam.pl\/index.php\/wystawy\/wystawa-w-galerii-za-filarem\/","title":{"rendered":"2018 &#8211; Wystawa w Galerii za Filarem"},"content":{"rendered":"<div class=\"pvc_clear\"><\/div><p id=\"pvc_stats_684\" class=\"pvc_stats all  \" data-element-id=\"684\" style=\"\"><i class=\"pvc-stats-icon medium\" aria-hidden=\"true\"><svg aria-hidden=\"true\" focusable=\"false\" data-prefix=\"far\" data-icon=\"chart-bar\" role=\"img\" xmlns=\"http:\/\/www.w3.org\/2000\/svg\" viewBox=\"0 0 512 512\" class=\"svg-inline--fa fa-chart-bar fa-w-16 fa-2x\"><path fill=\"currentColor\" d=\"M396.8 352h22.4c6.4 0 12.8-6.4 12.8-12.8V108.8c0-6.4-6.4-12.8-12.8-12.8h-22.4c-6.4 0-12.8 6.4-12.8 12.8v230.4c0 6.4 6.4 12.8 12.8 12.8zm-192 0h22.4c6.4 0 12.8-6.4 12.8-12.8V140.8c0-6.4-6.4-12.8-12.8-12.8h-22.4c-6.4 0-12.8 6.4-12.8 12.8v198.4c0 6.4 6.4 12.8 12.8 12.8zm96 0h22.4c6.4 0 12.8-6.4 12.8-12.8V204.8c0-6.4-6.4-12.8-12.8-12.8h-22.4c-6.4 0-12.8 6.4-12.8 12.8v134.4c0 6.4 6.4 12.8 12.8 12.8zM496 400H48V80c0-8.84-7.16-16-16-16H16C7.16 64 0 71.16 0 80v336c0 17.67 14.33 32 32 32h464c8.84 0 16-7.16 16-16v-16c0-8.84-7.16-16-16-16zm-387.2-48h22.4c6.4 0 12.8-6.4 12.8-12.8v-70.4c0-6.4-6.4-12.8-12.8-12.8h-22.4c-6.4 0-12.8 6.4-12.8 12.8v70.4c0 6.4 6.4 12.8 12.8 12.8z\" class=\"\"><\/path><\/svg><\/i> <img loading=\"lazy\" decoding=\"async\" width=\"16\" height=\"16\" alt=\"Loading\" src=\"http:\/\/www.mirela.misiadam.pl\/wp-content\/plugins\/page-views-count\/ajax-loader-2x.gif\" border=0 \/><\/p><div class=\"pvc_clear\"><\/div>\n<h4 class=\"wp-block-heading\">Wernisa\u017c wystawy 12 grudnia 2018 o godz. 16:00<\/h4>\n\n\n\n<p>Wystawa jest przed\u0142u\u017ceniem wystawy w Galerii Akcent ale w mniejszym wymiarze.<\/p>\n\n\n\n<figure class=\"wp-block-image is-resized\"><a href=\"http:\/\/www.mirela.misiadam.pl\/wp-content\/uploads\/2018\/11\/leaflet-gzf.jpg\"><img decoding=\"async\" src=\"http:\/\/www.mirela.misiadam.pl\/wp-content\/uploads\/2018\/11\/leaflet-gzf-1024x715.jpg\" alt=\"\" class=\"wp-image-1931\" width=\"640\" srcset=\"http:\/\/www.mirela.misiadam.pl\/wp-content\/uploads\/2018\/11\/leaflet-gzf.jpg 1024w, http:\/\/www.mirela.misiadam.pl\/wp-content\/uploads\/2018\/11\/leaflet-gzf-300x209.jpg 300w, http:\/\/www.mirela.misiadam.pl\/wp-content\/uploads\/2018\/11\/leaflet-gzf-768x536.jpg 768w\" sizes=\"(max-width: 1024px) 100vw, 1024px\" \/><\/a><figcaption><strong>Ulotka z wystawy<\/strong><\/figcaption><\/figure>\n\n\n\n<div style=\"width: 640px;\" class=\"wp-video\"><!--[if lt IE 9]><script>document.createElement('video');<\/script><![endif]-->\n<video class=\"wp-video-shortcode\" id=\"video-684-1\" width=\"640\" height=\"360\" preload=\"metadata\" controls=\"controls\"><source type=\"video\/mp4\" src=\"http:\/\/www.mirela.misiadam.pl\/wp-filmiki\/181212_gsi.mp4?_=1\" \/><a href=\"http:\/\/www.mirela.misiadam.pl\/wp-filmiki\/181212_gsi.mp4\">http:\/\/www.mirela.misiadam.pl\/wp-filmiki\/181212_gsi.mp4<\/a><\/video><\/div>\n\n\n\n<p class=\"has-text-align-center\">Wernisa\u017c z wystawy GSI<\/p>\n\n\n\n<h3><strong>Prace prezentowane na wystawie<\/strong><\/h3>\n<p>Kliknij miniatur\u0119 obrazu by go powi\u0119kszy\u0107<\/p>\n\n\n\n<figure class=\"wp-block-image is-resized\"><a href=\"http:\/\/www.mirela.misiadam.pl\/wp-content\/uploads\/2018\/11\/modelka2-web.jpg\"><img decoding=\"async\" width=\"190\" alt=\"\" src=\"http:\/\/www.mirela.misiadam.pl\/wp-content\/uploads\/2018\/11\/modelka2-web.jpg\"><\/a><br>Modelka I, (-), olej-p\u0142\u00f3tno, 46&#215;55<\/figure>\n\n\n\n<figure class=\"wp-block-image is-resized\"><a href=\"http:\/\/www.mirela.misiadam.pl\/wp-content\/uploads\/2018\/11\/modelka3-web.jpg\"><img decoding=\"async\" width=\"190\" alt=\"\" src=\"http:\/\/www.mirela.misiadam.pl\/wp-content\/uploads\/2018\/11\/modelka3-web.jpg\"><\/a><br>Modelka II, (-), olej-p\u0142\u00f3tno, 46&#215;55<\/figure>\n\n\n\n<figure class=\"wp-block-image is-resized\"><a href=\"http:\/\/www.mirela.misiadam.pl\/wp-content\/uploads\/2018\/11\/modelka1-web.jpg\"><img decoding=\"async\" width=\"190\" alt=\"\" src=\"http:\/\/www.mirela.misiadam.pl\/wp-content\/uploads\/2018\/11\/modelka1-web.jpg\"><\/a><br>Modelka III, (-), olej-p\u0142\u00f3tno, 46&#215;55<\/figure>\n\n\n\n<figure class=\"wp-block-image is-resized\"><a href=\"http:\/\/www.mirela.misiadam.pl\/wp-content\/uploads\/2018\/11\/lesnaDroga.jpg\"><img decoding=\"async\" width=\"235\" alt=\"\" src=\"http:\/\/www.mirela.misiadam.pl\/wp-content\/uploads\/2018\/11\/lesnaDroga.jpg\"><\/a><br>Doga w lesie, 2006, olej-p\u0142\u00f3tno, 55&#215;46<\/figure>\n\n\n\n<figure class=\"wp-block-image is-resized\"><a href=\"http:\/\/www.mirela.misiadam.pl\/wp-content\/uploads\/2018\/11\/brzozowyZagajnik-web.jpg\"><img decoding=\"async\" width=\"235\" alt=\"\" src=\"http:\/\/www.mirela.misiadam.pl\/wp-content\/uploads\/2018\/11\/brzozowyZagajnik-web.jpg\"><\/a><br>Brzozowy zagajnik, 2006, olej-p\u0142\u00f3tno, 55&#215;46<\/figure>\n\n\n\n<figure class=\"wp-block-image is-resized\"><a href=\"http:\/\/www.mirela.misiadam.pl\/wp-content\/uploads\/2018\/12\/przedBurza-web.jpg\"><img decoding=\"async\" width=\"261\" alt=\"\" src=\"http:\/\/www.mirela.misiadam.pl\/wp-content\/uploads\/2018\/12\/przedBurza-web.jpg\"><\/a><br>Przed burz\u0105, 2007, olej-p\u0142\u00f3tno, 61&#215;50<\/figure>\n\n\n\n<figure class=\"wp-block-image is-resized\"><a href=\"http:\/\/www.mirela.misiadam.pl\/wp-content\/uploads\/2018\/12\/poBurzy-web.jpg\"><img decoding=\"async\" width=\"265\" alt=\"\" src=\"http:\/\/www.mirela.misiadam.pl\/wp-content\/uploads\/2018\/12\/poBurzy-web.jpg\"><\/a><br>Po burzy (Pejza\u017c), 2008, olej-p\u0142\u00f3tno, 61&#215;50<\/figure>\n\n\n\n<figure class=\"wp-block-image is-resized\"><a href=\"http:\/\/www.mirela.misiadam.pl\/wp-content\/uploads\/2018\/11\/poczatekZimy-web.jpg\"><img decoding=\"async\" width=\"260\" alt=\"\" src=\"http:\/\/www.mirela.misiadam.pl\/wp-content\/uploads\/2018\/11\/poczatekZimy-web.jpg\"><\/a><br>Pocz\u0105tek zimy, (-), olej-p\u0142\u00f3tno, 60&#215;50<\/figure>\n\n\n\n<figure class=\"wp-block-image is-resized\"><a href=\"http:\/\/www.mirela.misiadam.pl\/wp-content\/uploads\/2018\/11\/zima-web.jpg\"><img decoding=\"async\" width=\"260\" alt=\"\" src=\"http:\/\/www.mirela.misiadam.pl\/wp-content\/uploads\/2018\/11\/zima-web.jpg\"><\/a><br>Zima, 2015, olej-p\u0142\u00f3tno, 60&#215;45<\/figure>\n\n\n\n<figure class=\"wp-block-image is-resized\"><a href=\"http:\/\/www.mirela.misiadam.pl\/wp-content\/uploads\/2018\/11\/jezioro-web.jpg\"><img decoding=\"async\" width=\"110\" alt=\"\" src=\"http:\/\/www.mirela.misiadam.pl\/wp-content\/uploads\/2018\/11\/jezioro-web.jpg\"><\/a><br>Jezioro, 2012, olej-p\u0142\u00f3tno, 30&#215;40<\/figure>\n\n\n\n<figure class=\"wp-block-image is-resized\"><a href=\"http:\/\/www.mirela.misiadam.pl\/wp-content\/uploads\/2018\/12\/rzeka2-web.jpg\"><img decoding=\"async\" width=\"160\" alt=\"\" src=\"http:\/\/www.mirela.misiadam.pl\/wp-content\/uploads\/2018\/12\/rzeka2-web.jpg\"><\/a><br>Rzeka, 2017, olej-p\u0142\u00f3tno, 40&#215;30<\/figure>\n\n\n\n<figure class=\"wp-block-image is-resized\"><a href=\"http:\/\/www.mirela.misiadam.pl\/wp-content\/uploads\/2018\/11\/staw-web.jpg\"><img decoding=\"async\" width=\"160\" alt=\"\" src=\"http:\/\/www.mirela.misiadam.pl\/wp-content\/uploads\/2018\/11\/staw-web.jpg\"><\/a><br>Staw, 2013, olej-p\u0142\u00f3tno, 40&#215;30<\/figure>\n\n\n\n<figure class=\"wp-block-image is-resized\"><a href=\"http:\/\/www.mirela.misiadam.pl\/wp-content\/uploads\/2018\/11\/rzeka-web.jpg\"><img decoding=\"async\" width=\"210\" alt=\"\" src=\"http:\/\/www.mirela.misiadam.pl\/wp-content\/uploads\/2018\/11\/rzeka-web.jpg\"><\/a><br>Rzeka (pierwsza praca Mireli), 1996, olej-p\u0142\u00f3tno, 50&#215;40<\/figure>\n\n\n\n<figure class=\"wp-block-image is-resized\"><a href=\"http:\/\/www.mirela.misiadam.pl\/wp-content\/uploads\/2018\/11\/poryRoku1-web.jpg\"><img decoding=\"async\" width=\"260\" alt=\"\" src=\"http:\/\/www.mirela.misiadam.pl\/wp-content\/uploads\/2018\/11\/poryRoku1-web.jpg\"><\/a><br>Pory roku: Wiosna, Lato, Jesie\u0144, (-), olej-p\u0142\u00f3tno, 3 x 18&#215;13<\/figure>\n\n\n\n<figure class=\"wp-block-image is-resized\"><a href=\"http:\/\/www.mirela.misiadam.pl\/wp-content\/uploads\/2018\/11\/kwiatyBratki-web.jpg\"><img decoding=\"async\" width=\"110\" alt=\"\" src=\"http:\/\/www.mirela.misiadam.pl\/wp-content\/uploads\/2018\/11\/kwiatyBratki-web.jpg\"><\/a><br>Kwiaty Bratki, 2017, olej-p\u0142\u00f3tno, 30&#215;24<\/figure>\n\n\n\n<figure class=\"wp-block-image is-resized\"><a href=\"http:\/\/www.mirela.misiadam.pl\/wp-content\/uploads\/2018\/11\/motyl-web.jpg\"><img decoding=\"async\" width=\"110\" alt=\"\" src=\"http:\/\/www.mirela.misiadam.pl\/wp-content\/uploads\/2018\/11\/motyl-web.jpg\"><\/a><br>Motyl, 2010, olej-p\u0142\u00f3tno, 30&#215;24<\/figure>\n","protected":false},"excerpt":{"rendered":"<div class=\"pvc_clear\"><\/div>\n<p id=\"pvc_stats_684\" class=\"pvc_stats all  \" data-element-id=\"684\" style=\"\"><i class=\"pvc-stats-icon medium\" aria-hidden=\"true\"><svg aria-hidden=\"true\" focusable=\"false\" data-prefix=\"far\" data-icon=\"chart-bar\" role=\"img\" xmlns=\"http:\/\/www.w3.org\/2000\/svg\" viewBox=\"0 0 512 512\" class=\"svg-inline--fa fa-chart-bar fa-w-16 fa-2x\"><path fill=\"currentColor\" d=\"M396.8 352h22.4c6.4 0 12.8-6.4 12.8-12.8V108.8c0-6.4-6.4-12.8-12.8-12.8h-22.4c-6.4 0-12.8 6.4-12.8 12.8v230.4c0 6.4 6.4 12.8 12.8 12.8zm-192 0h22.4c6.4 0 12.8-6.4 12.8-12.8V140.8c0-6.4-6.4-12.8-12.8-12.8h-22.4c-6.4 0-12.8 6.4-12.8 12.8v198.4c0 6.4 6.4 12.8 12.8 12.8zm96 0h22.4c6.4 0 12.8-6.4 12.8-12.8V204.8c0-6.4-6.4-12.8-12.8-12.8h-22.4c-6.4 0-12.8 6.4-12.8 12.8v134.4c0 6.4 6.4 12.8 12.8 12.8zM496 400H48V80c0-8.84-7.16-16-16-16H16C7.16 64 0 71.16 0 80v336c0 17.67 14.33 32 32 32h464c8.84 0 16-7.16 16-16v-16c0-8.84-7.16-16-16-16zm-387.2-48h22.4c6.4 0 12.8-6.4 12.8-12.8v-70.4c0-6.4-6.4-12.8-12.8-12.8h-22.4c-6.4 0-12.8 6.4-12.8 12.8v70.4c0 6.4 6.4 12.8 12.8 12.8z\" class=\"\"><\/path><\/svg><\/i> <img loading=\"lazy\" decoding=\"async\" width=\"16\" height=\"16\" alt=\"Loading\" src=\"http:\/\/www.mirela.misiadam.pl\/wp-content\/plugins\/page-views-count\/ajax-loader-2x.gif\" border=0 \/><\/p>\n<div class=\"pvc_clear\"><\/div>\n<p>Wernisa\u017c wystawy 12 grudnia 2018 o godz. 16:00 Wystawa jest przed\u0142u\u017ceniem wystawy w Galerii Akcent ale w mniejszym wymiarze. Wernisa\u017c z wystawy GSI Prace prezentowane na wystawie Kliknij miniatur\u0119 obrazu by go powi\u0119kszy\u0107 Modelka I, (-), olej-p\u0142\u00f3tno, 46&#215;55 Modelka II, &hellip; <a href=\"http:\/\/www.mirela.misiadam.pl\/index.php\/wystawy\/wystawa-w-galerii-za-filarem\/\">Czytaj dalej <span class=\"meta-nav\">&rarr;<\/span><\/a><\/p>\n","protected":false},"author":1,"featured_media":0,"parent":608,"menu_order":0,"comment_status":"closed","ping_status":"closed","template":"onecolumn-page.php","meta":{"footnotes":""},"class_list":["post-684","page","type-page","status-publish","hentry"],"a3_pvc":{"activated":true,"total_views":1077,"today_views":0},"_links":{"self":[{"href":"http:\/\/www.mirela.misiadam.pl\/index.php\/wp-json\/wp\/v2\/pages\/684","targetHints":{"allow":["GET"]}}],"collection":[{"href":"http:\/\/www.mirela.misiadam.pl\/index.php\/wp-json\/wp\/v2\/pages"}],"about":[{"href":"http:\/\/www.mirela.misiadam.pl\/index.php\/wp-json\/wp\/v2\/types\/page"}],"author":[{"embeddable":true,"href":"http:\/\/www.mirela.misiadam.pl\/index.php\/wp-json\/wp\/v2\/users\/1"}],"replies":[{"embeddable":true,"href":"http:\/\/www.mirela.misiadam.pl\/index.php\/wp-json\/wp\/v2\/comments?post=684"}],"version-history":[{"count":63,"href":"http:\/\/www.mirela.misiadam.pl\/index.php\/wp-json\/wp\/v2\/pages\/684\/revisions"}],"predecessor-version":[{"id":3442,"href":"http:\/\/www.mirela.misiadam.pl\/index.php\/wp-json\/wp\/v2\/pages\/684\/revisions\/3442"}],"up":[{"embeddable":true,"href":"http:\/\/www.mirela.misiadam.pl\/index.php\/wp-json\/wp\/v2\/pages\/608"}],"wp:attachment":[{"href":"http:\/\/www.mirela.misiadam.pl\/index.php\/wp-json\/wp\/v2\/media?parent=684"}],"curies":[{"name":"wp","href":"https:\/\/api.w.org\/{rel}","templated":true}]}}